{"id":39943,"date":"2024-04-13T16:18:47","date_gmt":"2024-04-13T14:18:47","guid":{"rendered":"https:\/\/travellingcolognian.com\/?page_id=39943"},"modified":"2024-04-22T19:29:18","modified_gmt":"2024-04-22T17:29:18","slug":"koeln-tipps","status":"publish","type":"page","link":"https:\/\/travellingcolognian.com\/de\/koeln-tipps\/","title":{"rendered":"K\u00f6ln Tipps"},"content":{"rendered":"<div class=\"fusion-fullwidth fullwidth-box fusion-builder-row-1 fusion-flex-container has-pattern-background has-mask-background fusion-parallax-none nonhundred-percent-fullwidth non-hundred-percent-height-scrolling lazyload\" style=\"--awb-border-radius-top-left:0px;--awb-border-radius-top-right:0px;--awb-border-radius-bottom-right:0px;--awb-border-radius-bottom-left:0px;--awb-margin-bottom:50px;--awb-min-height:800px;--awb-background-size:cover;--awb-flex-wrap:wrap;\" data-bg=\"https:\/\/travellingcolognian.com\/wp-content\/uploads\/2023\/11\/Koeln-bei-Nacht-Koelner-Dom-Hohenzollernbruecke.jpg\" ><div class=\"fusion-builder-row fusion-row fusion-flex-align-items-center fusion-flex-content-wrap\" style=\"max-width:1144px;margin-left: calc(-4% \/ 2 );margin-right: calc(-4% \/ 2 );\"><div class=\"fusion-layout-column fusion_builder_column fusion-builder-column-0 fusion_builder_column_1_1 1_1 fusion-flex-column\" style=\"--awb-bg-size:cover;--awb-width-large:100%;--awb-margin-top-large:0px;--awb-spacing-right-large:1.92%;--awb-margin-bottom-large:20px;--awb-spacing-left-large:1.92%;--awb-width-medium:100%;--awb-order-medium:0;--awb-spacing-right-medium:1.92%;--awb-spacing-left-medium:1.92%;--awb-width-small:100%;--awb-order-small:0;--awb-spacing-right-small:1.92%;--awb-spacing-left-small:1.92%;\"><div class=\"fusion-column-wrapper fusion-column-has-shadow fusion-flex-justify-content-flex-start fusion-content-layout-column\"><div class=\"fusion-title title fusion-title-1 fusion-sep-none fusion-title-center fusion-title-text fusion-title-size-one\" style=\"--awb-text-color:#ffffff;--awb-margin-top-small:10px;--awb-margin-right-small:0px;--awb-margin-bottom-small:10px;--awb-margin-left-small:0px;--awb-font-size:50px;\"><h1 class=\"fusion-title-heading title-heading-center\" style=\"font-family:&quot;Poppins&quot;;font-style:normal;font-weight:400;margin:0;font-size:1em;text-shadow:2px 2px 2px #000000;\">K\u00f6ln Tipps<\/h1><\/div><\/div><\/div><\/div><\/div><div class=\"fusion-fullwidth fullwidth-box fusion-builder-row-2 fusion-flex-container has-pattern-background has-mask-background nonhundred-percent-fullwidth non-hundred-percent-height-scrolling\" style=\"--awb-border-radius-top-left:0px;--awb-border-radius-top-right:0px;--awb-border-radius-bottom-right:0px;--awb-border-radius-bottom-left:0px;--awb-flex-wrap:wrap;\" ><div class=\"fusion-builder-row fusion-row fusion-flex-align-items-flex-start fusion-flex-content-wrap\" style=\"max-width:1144px;margin-left: calc(-4% \/ 2 );margin-right: calc(-4% \/ 2 );\"><div class=\"fusion-layout-column fusion_builder_column fusion-builder-column-1 fusion_builder_column_1_1 1_1 fusion-flex-column\" style=\"--awb-bg-size:cover;--awb-width-large:100%;--awb-margin-top-large:0px;--awb-spacing-right-large:1.92%;--awb-margin-bottom-large:20px;--awb-spacing-left-large:1.92%;--awb-width-medium:100%;--awb-order-medium:0;--awb-spacing-right-medium:1.92%;--awb-spacing-left-medium:1.92%;--awb-width-small:100%;--awb-order-small:0;--awb-spacing-right-small:1.92%;--awb-spacing-left-small:1.92%;\" data-scroll-devices=\"small-visibility,medium-visibility,large-visibility\"><div class=\"fusion-column-wrapper fusion-column-has-shadow fusion-flex-justify-content-flex-start fusion-content-layout-column\"><div class=\"fusion-text fusion-text-1\" style=\"--awb-text-font-family:&quot;Poppins&quot;;--awb-text-font-style:normal;--awb-text-font-weight:500;\"><h3 style=\"text-align: center;\">&#8222;K\u00f6ln ist nicht perfekt, aber vollkommen, es ist vollkommen K\u00f6ln.&#8220; Heinrich B\u00f6ll<\/h3>\n<\/div><\/div><\/div><\/div><\/div><div class=\"fusion-fullwidth fullwidth-box fusion-builder-row-3 fusion-flex-container has-pattern-background has-mask-background nonhundred-percent-fullwidth non-hundred-percent-height-scrolling\" style=\"--awb-border-radius-top-left:0px;--awb-border-radius-top-right:0px;--awb-border-radius-bottom-right:0px;--awb-border-radius-bottom-left:0px;--awb-flex-wrap:wrap;\" ><div class=\"fusion-builder-row fusion-row fusion-flex-align-items-flex-start fusion-flex-content-wrap\" style=\"max-width:1144px;margin-left: calc(-4% \/ 2 );margin-right: calc(-4% \/ 2 );\"><div class=\"fusion-layout-column fusion_builder_column fusion-builder-column-2 fusion_builder_column_1_1 1_1 fusion-flex-column\" style=\"--awb-bg-size:cover;--awb-width-large:100%;--awb-margin-top-large:0px;--awb-spacing-right-large:1.92%;--awb-margin-bottom-large:20px;--awb-spacing-left-large:1.92%;--awb-width-medium:100%;--awb-order-medium:0;--awb-spacing-right-medium:1.92%;--awb-spacing-left-medium:1.92%;--awb-width-small:100%;--awb-order-small:0;--awb-spacing-right-small:1.92%;--awb-spacing-left-small:1.92%;\"><div class=\"fusion-column-wrapper fusion-column-has-shadow fusion-flex-justify-content-flex-start fusion-content-layout-column\"><div class=\"fusion-title title fusion-title-2 fusion-title-center fusion-title-text fusion-title-size-two\" style=\"--awb-margin-top-small:10px;--awb-margin-right-small:0px;--awb-margin-bottom-small:10px;--awb-margin-left-small:0px;\"><div class=\"title-sep-container title-sep-container-left\"><div class=\"title-sep sep-single sep-solid\" style=\"border-color:#e0dede;\"><\/div><\/div><span class=\"awb-title-spacer\"><\/span><h2 class=\"fusion-title-heading title-heading-center\" style=\"margin:0;\">K\u00f6ln-Blogartikel<\/h2><span class=\"awb-title-spacer\"><\/span><div class=\"title-sep-container title-sep-container-right\"><div class=\"title-sep sep-single sep-solid\" style=\"border-color:#e0dede;\"><\/div><\/div><\/div><\/div><\/div><\/div><\/div><div class=\"fusion-fullwidth fullwidth-box fusion-builder-row-4 fusion-flex-container has-pattern-background has-mask-background nonhundred-percent-fullwidth non-hundred-percent-height-scrolling\" style=\"--awb-border-radius-top-left:0px;--awb-border-radius-top-right:0px;--awb-border-radius-bottom-right:0px;--awb-border-radius-bottom-left:0px;--awb-flex-wrap:wrap;\" ><div class=\"fusion-builder-row fusion-row fusion-flex-align-items-flex-start fusion-flex-content-wrap\" style=\"max-width:1144px;margin-left: calc(-4% \/ 2 );margin-right: calc(-4% \/ 2 );\"><div class=\"fusion-layout-column fusion_builder_column fusion-builder-column-3 fusion_builder_column_1_1 1_1 fusion-flex-column\" style=\"--awb-bg-size:cover;--awb-width-large:100%;--awb-margin-top-large:0px;--awb-spacing-right-large:1.92%;--awb-margin-bottom-large:20px;--awb-spacing-left-large:1.92%;--awb-width-medium:100%;--awb-order-medium:0;--awb-spacing-right-medium:1.92%;--awb-spacing-left-medium:1.92%;--awb-width-small:100%;--awb-order-small:0;--awb-spacing-right-small:1.92%;--awb-spacing-left-small:1.92%;\"><div class=\"fusion-column-wrapper fusion-column-has-shadow fusion-flex-justify-content-flex-start fusion-content-layout-column\"><div class=\"fusion-blog-shortcode fusion-blog-shortcode-1 fusion-blog-archive fusion-blog-layout-grid-wrapper fusion-blog-pagination fusion-blog-layout-center\"><style type=\"text\/css\">.fusion-blog-shortcode-1 .fusion-blog-layout-grid .fusion-post-grid{padding:20px;}.fusion-blog-shortcode-1 .fusion-posts-container{margin-left: -20px !important; margin-right:-20px !important;}<\/style><div class=\"fusion-posts-container fusion-posts-container-pagination fusion-blog-layout-grid fusion-blog-layout-grid-3 isotope fusion-blog-equal-heights\" data-pages=\"1\" data-grid-col-space=\"40\" style=\"margin: -20px -20px 0;min-height:500px;\"><article id=\"blog-1-post-38196\" class=\"fusion-post-grid post-38196 post type-post status-publish format-standard has-post-thumbnail hentry category-deutschland category-europa category-koeln category-ziele tag-adventsmarkt-auf-dem-chlodwigplatz tag-das-nikolausdorf tag-der-kleinste-weihnachstmarkt-koelns-an-der-lutherkirche tag-hafen-weihnachtsmarkt tag-hafen-weihnachtsmarkt-im-rheinauhafen tag-markt-der-engel tag-markt-der-heinzel tag-weihnachtsmarkt-am-koelner-dom tag-weihnachtsmarkt-am-neumarkt tag-weihnachtsmarkt-an-der-lutherkirche tag-weihnachtsmarkt-auf-dem-rudolfplatz tag-weihnachtsmarkt-im-stadtgarten tag-weihnachtsmarkt-in-der-altstadt tag-winterzauber-am-eigelstein\">\n<div class=\"fusion-post-wrapper\" style=\"background-color:rgba(255,255,255,0);border:1px solid #ebeaea;border-bottom-width:3px;\">\n\n\t\t\t<div class=\"fusion-flexslider flexslider fusion-flexslider-loading fusion-post-slideshow\" style=\"border-color:#ebeaea;\">\n\t\t<ul class=\"slides\">\n\t\t\t\n\t\t\t\t\t\t\t\t\t\t\t\t\t\t<li><div  class=\"fusion-image-wrapper\" aria-haspopup=\"true\">\n\t\t\t\t\t\t\t<a href=\"https:\/\/travellingcolognian.com\/de\/koeln-weihnachtsmarkt\/\" aria-label=\"K\u00f6ln Weihnachtsmarkt &#8211; die sch\u00f6nsten Weihnachtsm\u00e4rkte in der Domstadt\">\n\t\t\t\t\t\t\t<img decoding=\"async\" width=\"1000\" height=\"654\" src=\"https:\/\/travellingcolognian.com\/wp-content\/uploads\/2023\/11\/Weihnachtsmarkt-am-Koelner-Dom-von-oben.jpg\" class=\"attachment-full size-full lazyload wp-post-image\" alt=\"Der Weihnachtsmarkt am K\u00f6lner Dom fotografiert vom Dach des K\u00f6lner Doms\" srcset=\"data:image\/svg+xml,%3Csvg%20xmlns%3D%27http%3A%2F%2Fwww.w3.org%2F2000%2Fsvg%27%20width%3D%271000%27%20height%3D%27654%27%20viewBox%3D%270%200%201000%20654%27%3E%3Crect%20width%3D%271000%27%20height%3D%27654%27%20fill-opacity%3D%220%22%2F%3E%3C%2Fsvg%3E\" data-orig-src=\"https:\/\/travellingcolognian.com\/wp-content\/uploads\/2023\/11\/Weihnachtsmarkt-am-Koelner-Dom-von-oben.jpg\" data-srcset=\"https:\/\/travellingcolognian.com\/wp-content\/uploads\/2023\/11\/Weihnachtsmarkt-am-Koelner-Dom-von-oben-200x131.jpg 200w, https:\/\/travellingcolognian.com\/wp-content\/uploads\/2023\/11\/Weihnachtsmarkt-am-Koelner-Dom-von-oben-400x262.jpg 400w, https:\/\/travellingcolognian.com\/wp-content\/uploads\/2023\/11\/Weihnachtsmarkt-am-Koelner-Dom-von-oben-600x392.jpg 600w, https:\/\/travellingcolognian.com\/wp-content\/uploads\/2023\/11\/Weihnachtsmarkt-am-Koelner-Dom-von-oben-800x523.jpg 800w, https:\/\/travellingcolognian.com\/wp-content\/uploads\/2023\/11\/Weihnachtsmarkt-am-Koelner-Dom-von-oben.jpg 1000w\" data-sizes=\"auto\" \/>\t\t\t<\/a>\n\t\t\t\t\t\t\t<\/div>\n<\/li>\n\t\t\t\n\t\t\t\n\t\t\t\t\t\t\t\t\t\t\t\t\t\t\t\t\t\t\t\t\t\t\t\t\t\t\t\t\t\t\t\t\t\t\t\t\t\t\t\t\t\t\t\t\t\t\t\t\t\t\t\t\t\t\t\t\t\t\t\t\t\t\t\t\t\t\t\t<\/ul>\n\t<\/div>\n\t<div class=\"fusion-post-content-wrapper\" style=\"padding:30px 25px 20px 25px;\"><div class=\"fusion-post-content post-content\"><h2 class=\"blog-shortcode-post-title\"><a href=\"https:\/\/travellingcolognian.com\/de\/koeln-weihnachtsmarkt\/\">K\u00f6ln Weihnachtsmarkt &#8211; die sch\u00f6nsten Weihnachtsm\u00e4rkte in der Domstadt<\/a><\/h2><p class=\"fusion-single-line-meta\">Von <span><a href=\"https:\/\/travellingcolognian.com\/de\/author\/vanessaschadehotmail-com\/\" title=\"Beitr\u00e4ge von Vanessa\" rel=\"author\">Vanessa<\/a><\/span><span class=\"fusion-inline-sep\">|<\/span><\/p><\/div><\/div><div class=\"fusion-clearfix\"><\/div><\/div>\n<\/article>\n<article id=\"blog-1-post-3311\" class=\"fusion-post-grid post-3311 post type-post status-publish format-standard has-post-thumbnail hentry category-deutschland category-europa category-koeln category-ziele tag-cologne tag-germany tag-europe tag-hohenzollernbruecke tag-koeln tag-koelner-lichter-de tag-muelheimer-bruecke tag-rhein tag-zoobruecke\">\n<div class=\"fusion-post-wrapper\" style=\"background-color:rgba(255,255,255,0);border:1px solid #ebeaea;border-bottom-width:3px;\">\n\n\t\t\t<div class=\"fusion-flexslider flexslider fusion-flexslider-loading fusion-post-slideshow\" style=\"border-color:#ebeaea;\">\n\t\t<ul class=\"slides\">\n\t\t\t\n\t\t\t\t\t\t\t\t\t\t\t\t\t\t<li><div  class=\"fusion-image-wrapper\" aria-haspopup=\"true\">\n\t\t\t\t\t\t\t<a href=\"https:\/\/travellingcolognian.com\/de\/sommer-highlight-koelner-lichter-eines-der-groessten-feuerwerke-europas\/\" aria-label=\"K\u00f6lner Lichter &#8211; eines der gr\u00f6\u00dften Feuerwerke Europas\">\n\t\t\t\t\t\t\t<img decoding=\"async\" width=\"620\" height=\"413\" src=\"data:image\/svg+xml,%3Csvg%20xmlns%3D%27http%3A%2F%2Fwww.w3.org%2F2000%2Fsvg%27%20width%3D%27620%27%20height%3D%27413%27%20viewBox%3D%270%200%20620%20413%27%3E%3Crect%20width%3D%27620%27%20height%3D%27413%27%20fill-opacity%3D%220%22%2F%3E%3C%2Fsvg%3E\" class=\"attachment-full size-full lazyload wp-post-image\" alt=\"\" data-orig-src=\"https:\/\/travellingcolognian.com\/wp-content\/uploads\/2014\/08\/IMG_9688_bearbeitet-2.jpg\" \/>\t\t\t<\/a>\n\t\t\t\t\t\t\t<\/div>\n<\/li>\n\t\t\t\n\t\t\t\n\t\t\t\t\t\t\t\t\t\t\t\t\t\t\t\t\t\t\t\t\t\t\t\t\t\t\t\t\t\t\t\t\t\t\t\t\t\t\t\t\t\t\t\t\t\t\t\t\t\t\t\t\t\t\t\t\t\t\t\t\t\t\t\t\t\t\t\t<\/ul>\n\t<\/div>\n\t<div class=\"fusion-post-content-wrapper\" style=\"padding:30px 25px 20px 25px;\"><div class=\"fusion-post-content post-content\"><h2 class=\"blog-shortcode-post-title\"><a href=\"https:\/\/travellingcolognian.com\/de\/sommer-highlight-koelner-lichter-eines-der-groessten-feuerwerke-europas\/\">K\u00f6lner Lichter &#8211; eines der gr\u00f6\u00dften Feuerwerke Europas<\/a><\/h2><p class=\"fusion-single-line-meta\">Von <span><a href=\"https:\/\/travellingcolognian.com\/de\/author\/vanessaschadehotmail-com\/\" title=\"Beitr\u00e4ge von Vanessa\" rel=\"author\">Vanessa<\/a><\/span><span class=\"fusion-inline-sep\">|<\/span><\/p><\/div><\/div><div class=\"fusion-clearfix\"><\/div><\/div>\n<\/article>\n<div class=\"fusion-clearfix\"><\/div><\/div><\/div><\/div><\/div><\/div><\/div>\n","protected":false},"excerpt":{"rendered":"","protected":false},"author":1,"featured_media":0,"parent":0,"menu_order":0,"comment_status":"closed","ping_status":"closed","template":"100-width.php","meta":{"jetpack_post_was_ever_published":false,"footnotes":""},"class_list":["post-39943","page","type-page","status-publish","hentry"],"jetpack_sharing_enabled":true,"jetpack_shortlink":"https:\/\/wp.me\/P4eJSP-aof","_links":{"self":[{"href":"https:\/\/travellingcolognian.com\/de\/wp-json\/wp\/v2\/pages\/39943","targetHints":{"allow":["GET"]}}],"collection":[{"href":"https:\/\/travellingcolognian.com\/de\/wp-json\/wp\/v2\/pages"}],"about":[{"href":"https:\/\/travellingcolognian.com\/de\/wp-json\/wp\/v2\/types\/page"}],"author":[{"embeddable":true,"href":"https:\/\/travellingcolognian.com\/de\/wp-json\/wp\/v2\/users\/1"}],"replies":[{"embeddable":true,"href":"https:\/\/travellingcolognian.com\/de\/wp-json\/wp\/v2\/comments?post=39943"}],"version-history":[{"count":15,"href":"https:\/\/travellingcolognian.com\/de\/wp-json\/wp\/v2\/pages\/39943\/revisions"}],"predecessor-version":[{"id":40148,"href":"https:\/\/travellingcolognian.com\/de\/wp-json\/wp\/v2\/pages\/39943\/revisions\/40148"}],"wp:attachment":[{"href":"https:\/\/travellingcolognian.com\/de\/wp-json\/wp\/v2\/media?parent=39943"}],"curies":[{"name":"wp","href":"https:\/\/api.w.org\/{rel}","templated":true}]}}